{"id":10459,"date":"2024-04-01T12:04:39","date_gmt":"2024-04-01T10:04:39","guid":{"rendered":"https:\/\/beautyfactory.md\/?post_type=product&#038;p=10459"},"modified":"2026-03-21T03:13:14","modified_gmt":"2026-03-21T00:13:14","slug":"paese-brightening-concealer-clair","status":"publish","type":"product","link":"https:\/\/beautyfactory.md\/ru-ru\/produs\/paese-brightening-concealer-clair\/","title":{"rendered":"Paese Brightening Concealer Clair"},"content":{"rendered":"","protected":false},"excerpt":{"rendered":"","protected":false},"featured_media":241770,"comment_status":"open","ping_status":"closed","template":"","meta":[],"product_brand":[],"product_cat":[1858,1480,3682,1485],"product_tag":[],"class_list":{"0":"post-10459","1":"product","2":"type-product","3":"status-publish","4":"has-post-thumbnail","6":"product_cat-corector-pentru-fata","7":"product_cat-machiaj","8":"product_cat-paese","9":"product_cat-ten","10":"pa_abc-analiz-b","11":"pa_abc-analiz-c","12":"pa_culoare-1-01-2","13":"pa_culoare-1-02-2","14":"pa_culoare-1-03-2","15":"pa_producatorul-paese","16":"pa_volum-6-ml","17":"pa_website-da","19":"first","20":"instock","21":"taxable","22":"shipping-taxable","23":"purchasable","24":"product-type-variable"},"yoast_head":"<!-- This site is optimized with the Yoast SEO Premium plugin v22.9 (Yoast SEO v27.3) - https:\/\/yoast.com\/product\/yoast-seo-premium-wordpress\/ -->\n<title>Corector Paese Brightening Concealer Clair<\/title>\n<meta name=\"description\" content=\"Paese Brightening Concealer Clair 01 este solu\u021bia perfect\u0103 pentru a ad\u0103uga luminozitate \u0219i prospe\u021bime tenului t\u0103u. Produsul, special conceput pentru a lumina zona de sub ochi, face pielea s\u0103 arate odihnit\u0103 \u0219i radiant\u0103 pe tot parcursul zilei.\" \/>\n<meta name=\"robots\" content=\"index, follow, max-snippet:-1, max-image-preview:large, max-video-preview:-1\" \/>\n<link rel=\"canonical\" href=\"https:\/\/beautyfactory.md\/ru-ru\/produs\/paese-brightening-concealer-clair\/\" \/>\n<meta property=\"og:locale\" content=\"ru_RU\" \/>\n<meta property=\"og:locale:alternate\" content=\"ro\" \/>\n<meta property=\"og:type\" content=\"article\" \/>\n<meta property=\"og:title\" content=\"Paese Brightening Concealer Clair\" \/>\n<meta property=\"og:description\" content=\"Paese Brightening Concealer Clair 01 este solu\u021bia perfect\u0103 pentru a ad\u0103uga luminozitate \u0219i prospe\u021bime tenului t\u0103u. Produsul, special conceput pentru a lumina zona de sub ochi, face pielea s\u0103 arate odihnit\u0103 \u0219i radiant\u0103 pe tot parcursul zilei.\" \/>\n<meta property=\"og:url\" content=\"https:\/\/beautyfactory.md\/ru-ru\/produs\/paese-brightening-concealer-clair\/\" \/>\n<meta property=\"og:site_name\" content=\"Beauty Factory\" \/>\n<meta property=\"article:publisher\" content=\"https:\/\/www.facebook.com\/beautyfactorymd\" \/>\n<meta property=\"article:modified_time\" content=\"2026-03-21T00:13:14+00:00\" \/>\n<meta property=\"og:image\" content=\"https:\/\/beautyfactory.md\/wp-content\/uploads\/2024\/04\/fde28ba5baaa11eeb0650e76703956eb_967b8a53631811f08422fbbe924054c2.jpg\" \/>\n\t<meta property=\"og:image:width\" content=\"1000\" \/>\n\t<meta property=\"og:image:height\" content=\"1000\" \/>\n\t<meta property=\"og:image:type\" content=\"image\/jpeg\" \/>\n<meta name=\"twitter:card\" content=\"summary_large_image\" \/>\n<meta name=\"twitter:label1\" content=\"\u041f\u0440\u0438\u043c\u0435\u0440\u043d\u043e\u0435 \u0432\u0440\u0435\u043c\u044f \u0434\u043b\u044f \u0447\u0442\u0435\u043d\u0438\u044f\" \/>\n\t<meta name=\"twitter:data1\" content=\"1 \u043c\u0438\u043d\u0443\u0442\u0430\" \/>\n<script type=\"application\/ld+json\" class=\"yoast-schema-graph\">{\"@context\":\"https:\\\/\\\/schema.org\",\"@graph\":[{\"@type\":\"WebPage\",\"@id\":\"https:\\\/\\\/beautyfactory.md\\\/produs\\\/paese-brightening-concealer-clair\\\/\",\"url\":\"https:\\\/\\\/beautyfactory.md\\\/produs\\\/paese-brightening-concealer-clair\\\/\",\"name\":\"Corector Paese Brightening Concealer Clair\",\"isPartOf\":{\"@id\":\"https:\\\/\\\/beautyfactory.md\\\/#website\"},\"primaryImageOfPage\":{\"@id\":\"https:\\\/\\\/beautyfactory.md\\\/produs\\\/paese-brightening-concealer-clair\\\/#primaryimage\"},\"image\":{\"@id\":\"https:\\\/\\\/beautyfactory.md\\\/produs\\\/paese-brightening-concealer-clair\\\/#primaryimage\"},\"thumbnailUrl\":\"https:\\\/\\\/beautyfactory.md\\\/wp-content\\\/uploads\\\/2024\\\/04\\\/fde28ba5baaa11eeb0650e76703956eb_967b8a53631811f08422fbbe924054c2.jpg\",\"datePublished\":\"2024-04-01T10:04:39+00:00\",\"dateModified\":\"2026-03-21T00:13:14+00:00\",\"description\":\"Paese Brightening Concealer Clair 01 este solu\u021bia perfect\u0103 pentru a ad\u0103uga luminozitate \u0219i prospe\u021bime tenului t\u0103u. Produsul, special conceput pentru a lumina zona de sub ochi, face pielea s\u0103 arate odihnit\u0103 \u0219i radiant\u0103 pe tot parcursul zilei.\",\"breadcrumb\":{\"@id\":\"https:\\\/\\\/beautyfactory.md\\\/produs\\\/paese-brightening-concealer-clair\\\/#breadcrumb\"},\"inLanguage\":\"ru\",\"potentialAction\":[{\"@type\":\"ReadAction\",\"target\":[\"https:\\\/\\\/beautyfactory.md\\\/produs\\\/paese-brightening-concealer-clair\\\/\"]}]},{\"@type\":\"ImageObject\",\"inLanguage\":\"ru\",\"@id\":\"https:\\\/\\\/beautyfactory.md\\\/produs\\\/paese-brightening-concealer-clair\\\/#primaryimage\",\"url\":\"https:\\\/\\\/beautyfactory.md\\\/wp-content\\\/uploads\\\/2024\\\/04\\\/fde28ba5baaa11eeb0650e76703956eb_967b8a53631811f08422fbbe924054c2.jpg\",\"contentUrl\":\"https:\\\/\\\/beautyfactory.md\\\/wp-content\\\/uploads\\\/2024\\\/04\\\/fde28ba5baaa11eeb0650e76703956eb_967b8a53631811f08422fbbe924054c2.jpg\",\"width\":1000,\"height\":1000,\"caption\":\"Paese Brightening Concealer Clair\"},{\"@type\":\"BreadcrumbList\",\"@id\":\"https:\\\/\\\/beautyfactory.md\\\/produs\\\/paese-brightening-concealer-clair\\\/#breadcrumb\",\"itemListElement\":[{\"@type\":\"ListItem\",\"position\":1,\"name\":\"Prima pagin\u0103\",\"item\":\"https:\\\/\\\/beautyfactory.md\\\/ru-ru\\\/\"},{\"@type\":\"ListItem\",\"position\":2,\"name\":\"\u041c\u0430\u0433\u0430\u0437\u0438\u043d\",\"item\":\"https:\\\/\\\/beautyfactory.md\\\/ro-romagazinru-ru%D0%9C%D0%B0%D0%B3%D0%B0%D0%B7%D0%B8%D0%BD\\\/\"},{\"@type\":\"ListItem\",\"position\":3,\"name\":\"Paese Brightening Concealer Clair\"}]},{\"@type\":\"WebSite\",\"@id\":\"https:\\\/\\\/beautyfactory.md\\\/#website\",\"url\":\"https:\\\/\\\/beautyfactory.md\\\/\",\"name\":\"beautyfactory.md\",\"description\":\"Beauty Factory - Magazin online de produse cosmetice si aceesorii\",\"publisher\":{\"@id\":\"https:\\\/\\\/beautyfactory.md\\\/#organization\"},\"potentialAction\":[{\"@type\":\"SearchAction\",\"target\":{\"@type\":\"EntryPoint\",\"urlTemplate\":\"https:\\\/\\\/beautyfactory.md\\\/?s={search_term_string}\"},\"query-input\":{\"@type\":\"PropertyValueSpecification\",\"valueRequired\":true,\"valueName\":\"search_term_string\"}}],\"inLanguage\":\"ru\"},{\"@type\":\"Organization\",\"@id\":\"https:\\\/\\\/beautyfactory.md\\\/#organization\",\"name\":\"Beauty Factory\",\"url\":\"https:\\\/\\\/beautyfactory.md\\\/\",\"logo\":{\"@type\":\"ImageObject\",\"inLanguage\":\"ru\",\"@id\":\"https:\\\/\\\/beautyfactory.md\\\/#\\\/schema\\\/logo\\\/image\\\/\",\"url\":\"https:\\\/\\\/beautyfactory.md\\\/wp-content\\\/uploads\\\/2024\\\/06\\\/logo-black.png\",\"contentUrl\":\"https:\\\/\\\/beautyfactory.md\\\/wp-content\\\/uploads\\\/2024\\\/06\\\/logo-black.png\",\"width\":1656,\"height\":129,\"caption\":\"Beauty Factory\"},\"image\":{\"@id\":\"https:\\\/\\\/beautyfactory.md\\\/#\\\/schema\\\/logo\\\/image\\\/\"},\"sameAs\":[\"https:\\\/\\\/www.facebook.com\\\/beautyfactorymd\"]}]}<\/script>\n<!-- \/ Yoast SEO Premium plugin. -->","yoast_head_json":{"title":"Corector Paese Brightening Concealer Clair","description":"Paese Brightening Concealer Clair 01 este solu\u021bia perfect\u0103 pentru a ad\u0103uga luminozitate \u0219i prospe\u021bime tenului t\u0103u. Produsul, special conceput pentru a lumina zona de sub ochi, face pielea s\u0103 arate odihnit\u0103 \u0219i radiant\u0103 pe tot parcursul zilei.","robots":{"index":"index","follow":"follow","max-snippet":"max-snippet:-1","max-image-preview":"max-image-preview:large","max-video-preview":"max-video-preview:-1"},"canonical":"https:\/\/beautyfactory.md\/ru-ru\/produs\/paese-brightening-concealer-clair\/","og_locale":"ru_RU","og_type":"article","og_title":"[:ro-ro]Paese Brightening Concealer Clair[:]","og_description":"Paese Brightening Concealer Clair 01 este solu\u021bia perfect\u0103 pentru a ad\u0103uga luminozitate \u0219i prospe\u021bime tenului t\u0103u. Produsul, special conceput pentru a lumina zona de sub ochi, face pielea s\u0103 arate odihnit\u0103 \u0219i radiant\u0103 pe tot parcursul zilei.","og_url":"https:\/\/beautyfactory.md\/ru-ru\/produs\/paese-brightening-concealer-clair\/","og_site_name":"Beauty Factory","article_publisher":"https:\/\/www.facebook.com\/beautyfactorymd","article_modified_time":"2026-03-21T00:13:14+00:00","og_image":[{"width":1000,"height":1000,"url":"https:\/\/beautyfactory.md\/wp-content\/uploads\/2024\/04\/fde28ba5baaa11eeb0650e76703956eb_967b8a53631811f08422fbbe924054c2.jpg","type":"image\/jpeg"}],"twitter_card":"summary_large_image","twitter_misc":{"\u041f\u0440\u0438\u043c\u0435\u0440\u043d\u043e\u0435 \u0432\u0440\u0435\u043c\u044f \u0434\u043b\u044f \u0447\u0442\u0435\u043d\u0438\u044f":"1 \u043c\u0438\u043d\u0443\u0442\u0430"},"schema":{"@context":"https:\/\/schema.org","@graph":[{"@type":"WebPage","@id":"https:\/\/beautyfactory.md\/produs\/paese-brightening-concealer-clair\/","url":"https:\/\/beautyfactory.md\/produs\/paese-brightening-concealer-clair\/","name":"Corector Paese Brightening Concealer Clair","isPartOf":{"@id":"https:\/\/beautyfactory.md\/#website"},"primaryImageOfPage":{"@id":"https:\/\/beautyfactory.md\/produs\/paese-brightening-concealer-clair\/#primaryimage"},"image":{"@id":"https:\/\/beautyfactory.md\/produs\/paese-brightening-concealer-clair\/#primaryimage"},"thumbnailUrl":"https:\/\/beautyfactory.md\/wp-content\/uploads\/2024\/04\/fde28ba5baaa11eeb0650e76703956eb_967b8a53631811f08422fbbe924054c2.jpg","datePublished":"2024-04-01T10:04:39+00:00","dateModified":"2026-03-21T00:13:14+00:00","description":"Paese Brightening Concealer Clair 01 este solu\u021bia perfect\u0103 pentru a ad\u0103uga luminozitate \u0219i prospe\u021bime tenului t\u0103u. Produsul, special conceput pentru a lumina zona de sub ochi, face pielea s\u0103 arate odihnit\u0103 \u0219i radiant\u0103 pe tot parcursul zilei.","breadcrumb":{"@id":"https:\/\/beautyfactory.md\/produs\/paese-brightening-concealer-clair\/#breadcrumb"},"inLanguage":"ru","potentialAction":[{"@type":"ReadAction","target":["https:\/\/beautyfactory.md\/produs\/paese-brightening-concealer-clair\/"]}]},{"@type":"ImageObject","inLanguage":"ru","@id":"https:\/\/beautyfactory.md\/produs\/paese-brightening-concealer-clair\/#primaryimage","url":"https:\/\/beautyfactory.md\/wp-content\/uploads\/2024\/04\/fde28ba5baaa11eeb0650e76703956eb_967b8a53631811f08422fbbe924054c2.jpg","contentUrl":"https:\/\/beautyfactory.md\/wp-content\/uploads\/2024\/04\/fde28ba5baaa11eeb0650e76703956eb_967b8a53631811f08422fbbe924054c2.jpg","width":1000,"height":1000,"caption":"Paese Brightening Concealer Clair"},{"@type":"BreadcrumbList","@id":"https:\/\/beautyfactory.md\/produs\/paese-brightening-concealer-clair\/#breadcrumb","itemListElement":[{"@type":"ListItem","position":1,"name":"Prima pagin\u0103","item":"https:\/\/beautyfactory.md\/ru-ru\/"},{"@type":"ListItem","position":2,"name":"\u041c\u0430\u0433\u0430\u0437\u0438\u043d","item":"https:\/\/beautyfactory.md\/ro-romagazinru-ru%D0%9C%D0%B0%D0%B3%D0%B0%D0%B7%D0%B8%D0%BD\/"},{"@type":"ListItem","position":3,"name":"Paese Brightening Concealer Clair"}]},{"@type":"WebSite","@id":"https:\/\/beautyfactory.md\/#website","url":"https:\/\/beautyfactory.md\/","name":"beautyfactory.md","description":"Beauty Factory - Magazin online de produse cosmetice si aceesorii","publisher":{"@id":"https:\/\/beautyfactory.md\/#organization"},"potentialAction":[{"@type":"SearchAction","target":{"@type":"EntryPoint","urlTemplate":"https:\/\/beautyfactory.md\/?s={search_term_string}"},"query-input":{"@type":"PropertyValueSpecification","valueRequired":true,"valueName":"search_term_string"}}],"inLanguage":"ru"},{"@type":"Organization","@id":"https:\/\/beautyfactory.md\/#organization","name":"Beauty Factory","url":"https:\/\/beautyfactory.md\/","logo":{"@type":"ImageObject","inLanguage":"ru","@id":"https:\/\/beautyfactory.md\/#\/schema\/logo\/image\/","url":"https:\/\/beautyfactory.md\/wp-content\/uploads\/2024\/06\/logo-black.png","contentUrl":"https:\/\/beautyfactory.md\/wp-content\/uploads\/2024\/06\/logo-black.png","width":1656,"height":129,"caption":"Beauty Factory"},"image":{"@id":"https:\/\/beautyfactory.md\/#\/schema\/logo\/image\/"},"sameAs":["https:\/\/www.facebook.com\/beautyfactorymd"]}]}},"_links":{"self":[{"href":"https:\/\/beautyfactory.md\/ru-ru\/wp-json\/wp\/v2\/product\/10459","targetHints":{"allow":["GET"]}}],"collection":[{"href":"https:\/\/beautyfactory.md\/ru-ru\/wp-json\/wp\/v2\/product"}],"about":[{"href":"https:\/\/beautyfactory.md\/ru-ru\/wp-json\/wp\/v2\/types\/product"}],"replies":[{"embeddable":true,"href":"https:\/\/beautyfactory.md\/ru-ru\/wp-json\/wp\/v2\/comments?post=10459"}],"wp:featuredmedia":[{"embeddable":true,"href":"https:\/\/beautyfactory.md\/ru-ru\/wp-json\/wp\/v2\/media\/241770"}],"wp:attachment":[{"href":"https:\/\/beautyfactory.md\/ru-ru\/wp-json\/wp\/v2\/media?parent=10459"}],"wp:term":[{"taxonomy":"product_brand","embeddable":true,"href":"https:\/\/beautyfactory.md\/ru-ru\/wp-json\/wp\/v2\/product_brand?post=10459"},{"taxonomy":"product_cat","embeddable":true,"href":"https:\/\/beautyfactory.md\/ru-ru\/wp-json\/wp\/v2\/product_cat?post=10459"},{"taxonomy":"product_tag","embeddable":true,"href":"https:\/\/beautyfactory.md\/ru-ru\/wp-json\/wp\/v2\/product_tag?post=10459"}],"curies":[{"name":"wp","href":"https:\/\/api.w.org\/{rel}","templated":true}]}}